{"id":616,"date":"2019-07-27T19:08:44","date_gmt":"2019-07-27T17:08:44","guid":{"rendered":"https:\/\/bobeauspa.be\/cookie-policy\/"},"modified":"2019-07-27T19:08:45","modified_gmt":"2019-07-27T17:08:45","slug":"cookie-policy","status":"publish","type":"page","link":"https:\/\/bobeauspa.be\/fr\/cookie-policy\/","title":{"rendered":"Cookie Policy"},"content":{"rendered":"<p>Ce site utilise des cookies &#8211; de petits fichiers texte plac\u00e9s sur votre ordinateur pour aider le site \u00e0 offrir une meilleure exp\u00e9rience utilisateur. En g\u00e9n\u00e9ral, les cookies sont utilis\u00e9s pour conserver les pr\u00e9f\u00e9rences de l&rsquo;utilisateur, stocker des informations pour des objets tels que les paniers d&rsquo;achat et fournir des donn\u00e9es de suivi anonymis\u00e9es \u00e0 des applications tierces telles que Google Analytics. En r\u00e8gle g\u00e9n\u00e9rale, les cookies am\u00e9liorent votre exp\u00e9rience de navigation. Cependant, vous pr\u00e9f\u00e9rerez peut-\u00eatre d\u00e9sactiver les cookies sur ce site et sur d&rsquo;autres. Pour ce faire, le moyen le plus efficace consiste \u00e0 d\u00e9sactiver les cookies dans votre navigateur. Nous vous sugg\u00e9rons de consulter la section Aide de votre navigateur ou de consulter <a href=\"http:\/\/www.aboutcookies.org\">le site Web \u00c0 propos des cookies<\/a> qui propose des conseils \u00e0 tous les navigateurs modernes.<\/p>\n","protected":false},"excerpt":{"rendered":"<p>Ce site utilise des cookies &#8211; de petits fichiers texte plac\u00e9s sur votre ordinateur pour aider le site \u00e0 offrir une meilleure exp\u00e9rience utilisateur. En g\u00e9n\u00e9ral, les cookies sont utilis\u00e9s pour conserver les pr\u00e9f\u00e9rences de l&rsquo;utilisateur, stocker des informations pour des objets tels que les paniers d&rsquo;achat et fournir des donn\u00e9es de suivi anonymis\u00e9es \u00e0 [&#8230;]<\/p>\n<p><a class=\"btn btn-secondary understrap-read-more-link\" href=\"https:\/\/bobeauspa.be\/fr\/cookie-policy\/\">Lire la suite\u2026<span class=\"screen-reader-text\"> from Cookie Policy<\/span><\/a><\/p>\n","protected":false},"author":1,"featured_media":0,"parent":0,"menu_order":0,"comment_status":"closed","ping_status":"closed","template":"","meta":{"inline_featured_image":false,"_joinchat":[],"footnotes":""},"class_list":["post-616","page","type-page","status-publish","hentry"],"acf":[],"yoast_head":"<!-- This site is optimized with the Yoast SEO plugin v27.3 - https:\/\/yoast.com\/product\/yoast-seo-wordpress\/ -->\n<title>Cookie Policy - Bo Beau Spa<\/title>\n<meta name=\"robots\" content=\"index, follow, max-snippet:-1, max-image-preview:large, max-video-preview:-1\" \/>\n<link rel=\"canonical\" href=\"https:\/\/bobeauspa.be\/fr\/cookie-policy\/\" \/>\n<meta property=\"og:locale\" content=\"fr_FR\" \/>\n<meta property=\"og:type\" content=\"article\" \/>\n<meta property=\"og:title\" content=\"Cookie Policy - Bo Beau Spa\" \/>\n<meta property=\"og:description\" content=\"Ce site utilise des cookies &#8211; de petits fichiers texte plac\u00e9s sur votre ordinateur pour aider le site \u00e0 offrir une meilleure exp\u00e9rience utilisateur. En g\u00e9n\u00e9ral, les cookies sont utilis\u00e9s pour conserver les pr\u00e9f\u00e9rences de l&rsquo;utilisateur, stocker des informations pour des objets tels que les paniers d&rsquo;achat et fournir des donn\u00e9es de suivi anonymis\u00e9es \u00e0 [...]Lire la suite\u2026 from Cookie Policy\" \/>\n<meta property=\"og:url\" content=\"https:\/\/bobeauspa.be\/fr\/cookie-policy\/\" \/>\n<meta property=\"og:site_name\" content=\"Bo Beau Spa\" \/>\n<meta property=\"article:modified_time\" content=\"2019-07-27T17:08:45+00:00\" \/>\n<meta name=\"twitter:card\" content=\"summary_large_image\" \/>\n<meta name=\"twitter:label1\" content=\"Dur\u00e9e de lecture estim\u00e9e\" \/>\n\t<meta name=\"twitter:data1\" content=\"1 minute\" \/>\n<script type=\"application\/ld+json\" class=\"yoast-schema-graph\">{\"@context\":\"https:\\\/\\\/schema.org\",\"@graph\":[{\"@type\":\"WebPage\",\"@id\":\"https:\\\/\\\/bobeauspa.be\\\/fr\\\/cookie-policy\\\/\",\"url\":\"https:\\\/\\\/bobeauspa.be\\\/fr\\\/cookie-policy\\\/\",\"name\":\"Cookie Policy - Bo Beau Spa\",\"isPartOf\":{\"@id\":\"https:\\\/\\\/bobeauspa.be\\\/fr\\\/#website\"},\"datePublished\":\"2019-07-27T17:08:44+00:00\",\"dateModified\":\"2019-07-27T17:08:45+00:00\",\"breadcrumb\":{\"@id\":\"https:\\\/\\\/bobeauspa.be\\\/fr\\\/cookie-policy\\\/#breadcrumb\"},\"inLanguage\":\"fr-FR\",\"potentialAction\":[{\"@type\":\"ReadAction\",\"target\":[\"https:\\\/\\\/bobeauspa.be\\\/fr\\\/cookie-policy\\\/\"]}]},{\"@type\":\"BreadcrumbList\",\"@id\":\"https:\\\/\\\/bobeauspa.be\\\/fr\\\/cookie-policy\\\/#breadcrumb\",\"itemListElement\":[{\"@type\":\"ListItem\",\"position\":1,\"name\":\"Home\",\"item\":\"https:\\\/\\\/bobeauspa.be\\\/fr\\\/accueil\\\/\"},{\"@type\":\"ListItem\",\"position\":2,\"name\":\"Cookie Policy\"}]},{\"@type\":\"WebSite\",\"@id\":\"https:\\\/\\\/bobeauspa.be\\\/fr\\\/#website\",\"url\":\"https:\\\/\\\/bobeauspa.be\\\/fr\\\/\",\"name\":\"Bo Beau Spa\",\"description\":\"High quality massages in Brussels\",\"publisher\":{\"@id\":\"https:\\\/\\\/bobeauspa.be\\\/fr\\\/#organization\"},\"potentialAction\":[{\"@type\":\"SearchAction\",\"target\":{\"@type\":\"EntryPoint\",\"urlTemplate\":\"https:\\\/\\\/bobeauspa.be\\\/fr\\\/?s={search_term_string}\"},\"query-input\":{\"@type\":\"PropertyValueSpecification\",\"valueRequired\":true,\"valueName\":\"search_term_string\"}}],\"inLanguage\":\"fr-FR\"},{\"@type\":\"Organization\",\"@id\":\"https:\\\/\\\/bobeauspa.be\\\/fr\\\/#organization\",\"name\":\"Bo Beau Spa\",\"url\":\"https:\\\/\\\/bobeauspa.be\\\/fr\\\/\",\"logo\":{\"@type\":\"ImageObject\",\"inLanguage\":\"fr-FR\",\"@id\":\"https:\\\/\\\/bobeauspa.be\\\/fr\\\/#\\\/schema\\\/logo\\\/image\\\/\",\"url\":\"https:\\\/\\\/i0.wp.com\\\/bobeauspa.be\\\/wp-content\\\/uploads\\\/2022\\\/06\\\/logo-bobeauspa.jpg?fit=201%2C41&ssl=1\",\"contentUrl\":\"https:\\\/\\\/i0.wp.com\\\/bobeauspa.be\\\/wp-content\\\/uploads\\\/2022\\\/06\\\/logo-bobeauspa.jpg?fit=201%2C41&ssl=1\",\"width\":201,\"height\":41,\"caption\":\"Bo Beau Spa\"},\"image\":{\"@id\":\"https:\\\/\\\/bobeauspa.be\\\/fr\\\/#\\\/schema\\\/logo\\\/image\\\/\"}}]}<\/script>\n<!-- \/ Yoast SEO plugin. -->","yoast_head_json":{"title":"Cookie Policy - Bo Beau Spa","robots":{"index":"index","follow":"follow","max-snippet":"max-snippet:-1","max-image-preview":"max-image-preview:large","max-video-preview":"max-video-preview:-1"},"canonical":"https:\/\/bobeauspa.be\/fr\/cookie-policy\/","og_locale":"fr_FR","og_type":"article","og_title":"Cookie Policy - Bo Beau Spa","og_description":"Ce site utilise des cookies &#8211; de petits fichiers texte plac\u00e9s sur votre ordinateur pour aider le site \u00e0 offrir une meilleure exp\u00e9rience utilisateur. En g\u00e9n\u00e9ral, les cookies sont utilis\u00e9s pour conserver les pr\u00e9f\u00e9rences de l&rsquo;utilisateur, stocker des informations pour des objets tels que les paniers d&rsquo;achat et fournir des donn\u00e9es de suivi anonymis\u00e9es \u00e0 [...]Lire la suite\u2026 from Cookie Policy","og_url":"https:\/\/bobeauspa.be\/fr\/cookie-policy\/","og_site_name":"Bo Beau Spa","article_modified_time":"2019-07-27T17:08:45+00:00","twitter_card":"summary_large_image","twitter_misc":{"Dur\u00e9e de lecture estim\u00e9e":"1 minute"},"schema":{"@context":"https:\/\/schema.org","@graph":[{"@type":"WebPage","@id":"https:\/\/bobeauspa.be\/fr\/cookie-policy\/","url":"https:\/\/bobeauspa.be\/fr\/cookie-policy\/","name":"Cookie Policy - Bo Beau Spa","isPartOf":{"@id":"https:\/\/bobeauspa.be\/fr\/#website"},"datePublished":"2019-07-27T17:08:44+00:00","dateModified":"2019-07-27T17:08:45+00:00","breadcrumb":{"@id":"https:\/\/bobeauspa.be\/fr\/cookie-policy\/#breadcrumb"},"inLanguage":"fr-FR","potentialAction":[{"@type":"ReadAction","target":["https:\/\/bobeauspa.be\/fr\/cookie-policy\/"]}]},{"@type":"BreadcrumbList","@id":"https:\/\/bobeauspa.be\/fr\/cookie-policy\/#breadcrumb","itemListElement":[{"@type":"ListItem","position":1,"name":"Home","item":"https:\/\/bobeauspa.be\/fr\/accueil\/"},{"@type":"ListItem","position":2,"name":"Cookie Policy"}]},{"@type":"WebSite","@id":"https:\/\/bobeauspa.be\/fr\/#website","url":"https:\/\/bobeauspa.be\/fr\/","name":"Bo Beau Spa","description":"High quality massages in Brussels","publisher":{"@id":"https:\/\/bobeauspa.be\/fr\/#organization"},"potentialAction":[{"@type":"SearchAction","target":{"@type":"EntryPoint","urlTemplate":"https:\/\/bobeauspa.be\/fr\/?s={search_term_string}"},"query-input":{"@type":"PropertyValueSpecification","valueRequired":true,"valueName":"search_term_string"}}],"inLanguage":"fr-FR"},{"@type":"Organization","@id":"https:\/\/bobeauspa.be\/fr\/#organization","name":"Bo Beau Spa","url":"https:\/\/bobeauspa.be\/fr\/","logo":{"@type":"ImageObject","inLanguage":"fr-FR","@id":"https:\/\/bobeauspa.be\/fr\/#\/schema\/logo\/image\/","url":"https:\/\/i0.wp.com\/bobeauspa.be\/wp-content\/uploads\/2022\/06\/logo-bobeauspa.jpg?fit=201%2C41&ssl=1","contentUrl":"https:\/\/i0.wp.com\/bobeauspa.be\/wp-content\/uploads\/2022\/06\/logo-bobeauspa.jpg?fit=201%2C41&ssl=1","width":201,"height":41,"caption":"Bo Beau Spa"},"image":{"@id":"https:\/\/bobeauspa.be\/fr\/#\/schema\/logo\/image\/"}}]}},"jetpack_shortlink":"https:\/\/wp.me\/Pb5xRf-9W","jetpack_sharing_enabled":true,"_links":{"self":[{"href":"https:\/\/bobeauspa.be\/fr\/wp-json\/wp\/v2\/pages\/616","targetHints":{"allow":["GET"]}}],"collection":[{"href":"https:\/\/bobeauspa.be\/fr\/wp-json\/wp\/v2\/pages"}],"about":[{"href":"https:\/\/bobeauspa.be\/fr\/wp-json\/wp\/v2\/types\/page"}],"author":[{"embeddable":true,"href":"https:\/\/bobeauspa.be\/fr\/wp-json\/wp\/v2\/users\/1"}],"replies":[{"embeddable":true,"href":"https:\/\/bobeauspa.be\/fr\/wp-json\/wp\/v2\/comments?post=616"}],"version-history":[{"count":1,"href":"https:\/\/bobeauspa.be\/fr\/wp-json\/wp\/v2\/pages\/616\/revisions"}],"predecessor-version":[{"id":617,"href":"https:\/\/bobeauspa.be\/fr\/wp-json\/wp\/v2\/pages\/616\/revisions\/617"}],"wp:attachment":[{"href":"https:\/\/bobeauspa.be\/fr\/wp-json\/wp\/v2\/media?parent=616"}],"curies":[{"name":"wp","href":"https:\/\/api.w.org\/{rel}","templated":true}]}}