{"id":614,"date":"2019-07-27T19:03:38","date_gmt":"2019-07-27T17:03:38","guid":{"rendered":"https:\/\/bobeauspa.be\/politique-de-confidentialite\/"},"modified":"2019-07-27T19:03:40","modified_gmt":"2019-07-27T17:03:40","slug":"politique-de-confidentialite","status":"publish","type":"page","link":"https:\/\/bobeauspa.be\/fr\/politique-de-confidentialite\/","title":{"rendered":"Politique de confidentialit\u00e9"},"content":{"rendered":"\n<h2 class=\"wp-block-heading\">Qui sommes nous<\/h2>\n\n<p>L&rsquo;adresse de notre site web est: https:\/\/bobeauspa.be.<\/p>\n\n<h2 class=\"wp-block-heading\">Quelles sont les donn\u00e9es que nous collectons et pourquoi<\/h2>\n\n<p>Nous collectons des donn\u00e9es pour notre newsletter si vous vous y inscrivez, les donn\u00e9es collect\u00e9es sont votre pr\u00e9nom et adresse email.<br>C&rsquo;est donn\u00e9es sont g\u00e9r\u00e9es par mailchimp.com en accord avec la RGPD. <\/p>\n\n<h3 class=\"wp-block-heading\">Formulaires de contact<\/h3>\n\n<p>Lorsque vous nous contact\u00e9 en utilisant notre formulaire de contact nous recevons votre adresse email via notre fournisseur mail, nous ne gardons pas votre mail dans notre mailing list mailchimp.<\/p>\n\n<h3 class=\"wp-block-heading\">Cookies<\/h3>\n\n<p>Ce site utilise des cookies pour google analytics ainsi qu&rsquo;un pixel facebook.<\/p>\n\n<h3 class=\"wp-block-heading\">Analytics<\/h3>\n\n<h2 class=\"wp-block-heading\">Combien de temps gardons nous vos donn\u00e9es<\/h2>\n\n<p>Les donn\u00e9es analytics sont collect\u00e9es par Google analytics et gard\u00e9es sur leur serveur pour analyse.<\/p>\n\n<h2 class=\"wp-block-heading\">Quels sont vos droits concernant vos don\u00e9es<\/h2>\n\n<p>Si vous avez un compte sur le site, ou avez laiss\u00e9 un commentaires, vous pouvez nous demander de recevoir un fichier contenant vos donn\u00e9es personelles, incluant toutes les donn\u00e9es que vous nous avez fourni. Vous pouvez demander l&rsquo;\u00e9ffacement des donn\u00e9es que nous avons a votre sujet. Ceci n&rsquo;inclu pas les donn\u00e9es que nous sommes forc\u00e9 de garder pour raison administartives, legales ou de s\u00e9curit\u00e9.<\/p>\n","protected":false},"excerpt":{"rendered":"<p>Qui sommes nous L&rsquo;adresse de notre site web est: https:\/\/bobeauspa.be. Quelles sont les donn\u00e9es que nous collectons et pourquoi Nous collectons des donn\u00e9es pour notre newsletter si vous vous y inscrivez, les donn\u00e9es collect\u00e9es sont votre pr\u00e9nom et adresse email.C&rsquo;est donn\u00e9es sont g\u00e9r\u00e9es par mailchimp.com en accord avec la RGPD. Formulaires de contact Lorsque vous [&#8230;]<\/p>\n<p><a class=\"btn btn-secondary understrap-read-more-link\" href=\"https:\/\/bobeauspa.be\/fr\/politique-de-confidentialite\/\">Lire la suite\u2026<span class=\"screen-reader-text\"> from Politique de confidentialit\u00e9<\/span><\/a><\/p>\n","protected":false},"author":1,"featured_media":0,"parent":0,"menu_order":0,"comment_status":"closed","ping_status":"open","template":"","meta":{"inline_featured_image":false,"_joinchat":[],"footnotes":""},"class_list":["post-614","page","type-page","status-publish","hentry"],"acf":[],"yoast_head":"<!-- This site is optimized with the Yoast SEO plugin v27.3 - https:\/\/yoast.com\/product\/yoast-seo-wordpress\/ -->\n<title>Politique de confidentialit\u00e9 - Bo Beau Spa<\/title>\n<meta name=\"robots\" content=\"index, follow, max-snippet:-1, max-image-preview:large, max-video-preview:-1\" \/>\n<link rel=\"canonical\" href=\"https:\/\/bobeauspa.be\/fr\/politique-de-confidentialite\/\" \/>\n<meta property=\"og:locale\" content=\"fr_FR\" \/>\n<meta property=\"og:type\" content=\"article\" \/>\n<meta property=\"og:title\" content=\"Politique de confidentialit\u00e9 - Bo Beau Spa\" \/>\n<meta property=\"og:description\" content=\"Qui sommes nous L&rsquo;adresse de notre site web est: https:\/\/bobeauspa.be. Quelles sont les donn\u00e9es que nous collectons et pourquoi Nous collectons des donn\u00e9es pour notre newsletter si vous vous y inscrivez, les donn\u00e9es collect\u00e9es sont votre pr\u00e9nom et adresse email.C&rsquo;est donn\u00e9es sont g\u00e9r\u00e9es par mailchimp.com en accord avec la RGPD. Formulaires de contact Lorsque vous [...]Lire la suite\u2026 from Politique de confidentialit\u00e9\" \/>\n<meta property=\"og:url\" content=\"https:\/\/bobeauspa.be\/fr\/politique-de-confidentialite\/\" \/>\n<meta property=\"og:site_name\" content=\"Bo Beau Spa\" \/>\n<meta property=\"article:modified_time\" content=\"2019-07-27T17:03:40+00:00\" \/>\n<meta name=\"twitter:card\" content=\"summary_large_image\" \/>\n<meta name=\"twitter:label1\" content=\"Dur\u00e9e de lecture estim\u00e9e\" \/>\n\t<meta name=\"twitter:data1\" content=\"1 minute\" \/>\n<script type=\"application\/ld+json\" class=\"yoast-schema-graph\">{\"@context\":\"https:\\\/\\\/schema.org\",\"@graph\":[{\"@type\":\"WebPage\",\"@id\":\"https:\\\/\\\/bobeauspa.be\\\/fr\\\/politique-de-confidentialite\\\/\",\"url\":\"https:\\\/\\\/bobeauspa.be\\\/fr\\\/politique-de-confidentialite\\\/\",\"name\":\"Politique de confidentialit\u00e9 - Bo Beau Spa\",\"isPartOf\":{\"@id\":\"https:\\\/\\\/bobeauspa.be\\\/fr\\\/#website\"},\"datePublished\":\"2019-07-27T17:03:38+00:00\",\"dateModified\":\"2019-07-27T17:03:40+00:00\",\"breadcrumb\":{\"@id\":\"https:\\\/\\\/bobeauspa.be\\\/fr\\\/politique-de-confidentialite\\\/#breadcrumb\"},\"inLanguage\":\"fr-FR\",\"potentialAction\":[{\"@type\":\"ReadAction\",\"target\":[\"https:\\\/\\\/bobeauspa.be\\\/fr\\\/politique-de-confidentialite\\\/\"]}]},{\"@type\":\"BreadcrumbList\",\"@id\":\"https:\\\/\\\/bobeauspa.be\\\/fr\\\/politique-de-confidentialite\\\/#breadcrumb\",\"itemListElement\":[{\"@type\":\"ListItem\",\"position\":1,\"name\":\"Home\",\"item\":\"https:\\\/\\\/bobeauspa.be\\\/fr\\\/accueil\\\/\"},{\"@type\":\"ListItem\",\"position\":2,\"name\":\"Politique de confidentialit\u00e9\"}]},{\"@type\":\"WebSite\",\"@id\":\"https:\\\/\\\/bobeauspa.be\\\/fr\\\/#website\",\"url\":\"https:\\\/\\\/bobeauspa.be\\\/fr\\\/\",\"name\":\"Bo Beau Spa\",\"description\":\"High quality massages in Brussels\",\"publisher\":{\"@id\":\"https:\\\/\\\/bobeauspa.be\\\/fr\\\/#organization\"},\"potentialAction\":[{\"@type\":\"SearchAction\",\"target\":{\"@type\":\"EntryPoint\",\"urlTemplate\":\"https:\\\/\\\/bobeauspa.be\\\/fr\\\/?s={search_term_string}\"},\"query-input\":{\"@type\":\"PropertyValueSpecification\",\"valueRequired\":true,\"valueName\":\"search_term_string\"}}],\"inLanguage\":\"fr-FR\"},{\"@type\":\"Organization\",\"@id\":\"https:\\\/\\\/bobeauspa.be\\\/fr\\\/#organization\",\"name\":\"Bo Beau Spa\",\"url\":\"https:\\\/\\\/bobeauspa.be\\\/fr\\\/\",\"logo\":{\"@type\":\"ImageObject\",\"inLanguage\":\"fr-FR\",\"@id\":\"https:\\\/\\\/bobeauspa.be\\\/fr\\\/#\\\/schema\\\/logo\\\/image\\\/\",\"url\":\"https:\\\/\\\/i0.wp.com\\\/bobeauspa.be\\\/wp-content\\\/uploads\\\/2022\\\/06\\\/logo-bobeauspa.jpg?fit=201%2C41&ssl=1\",\"contentUrl\":\"https:\\\/\\\/i0.wp.com\\\/bobeauspa.be\\\/wp-content\\\/uploads\\\/2022\\\/06\\\/logo-bobeauspa.jpg?fit=201%2C41&ssl=1\",\"width\":201,\"height\":41,\"caption\":\"Bo Beau Spa\"},\"image\":{\"@id\":\"https:\\\/\\\/bobeauspa.be\\\/fr\\\/#\\\/schema\\\/logo\\\/image\\\/\"}}]}<\/script>\n<!-- \/ Yoast SEO plugin. -->","yoast_head_json":{"title":"Politique de confidentialit\u00e9 - Bo Beau Spa","robots":{"index":"index","follow":"follow","max-snippet":"max-snippet:-1","max-image-preview":"max-image-preview:large","max-video-preview":"max-video-preview:-1"},"canonical":"https:\/\/bobeauspa.be\/fr\/politique-de-confidentialite\/","og_locale":"fr_FR","og_type":"article","og_title":"Politique de confidentialit\u00e9 - Bo Beau Spa","og_description":"Qui sommes nous L&rsquo;adresse de notre site web est: https:\/\/bobeauspa.be. Quelles sont les donn\u00e9es que nous collectons et pourquoi Nous collectons des donn\u00e9es pour notre newsletter si vous vous y inscrivez, les donn\u00e9es collect\u00e9es sont votre pr\u00e9nom et adresse email.C&rsquo;est donn\u00e9es sont g\u00e9r\u00e9es par mailchimp.com en accord avec la RGPD. Formulaires de contact Lorsque vous [...]Lire la suite\u2026 from Politique de confidentialit\u00e9","og_url":"https:\/\/bobeauspa.be\/fr\/politique-de-confidentialite\/","og_site_name":"Bo Beau Spa","article_modified_time":"2019-07-27T17:03:40+00:00","twitter_card":"summary_large_image","twitter_misc":{"Dur\u00e9e de lecture estim\u00e9e":"1 minute"},"schema":{"@context":"https:\/\/schema.org","@graph":[{"@type":"WebPage","@id":"https:\/\/bobeauspa.be\/fr\/politique-de-confidentialite\/","url":"https:\/\/bobeauspa.be\/fr\/politique-de-confidentialite\/","name":"Politique de confidentialit\u00e9 - Bo Beau Spa","isPartOf":{"@id":"https:\/\/bobeauspa.be\/fr\/#website"},"datePublished":"2019-07-27T17:03:38+00:00","dateModified":"2019-07-27T17:03:40+00:00","breadcrumb":{"@id":"https:\/\/bobeauspa.be\/fr\/politique-de-confidentialite\/#breadcrumb"},"inLanguage":"fr-FR","potentialAction":[{"@type":"ReadAction","target":["https:\/\/bobeauspa.be\/fr\/politique-de-confidentialite\/"]}]},{"@type":"BreadcrumbList","@id":"https:\/\/bobeauspa.be\/fr\/politique-de-confidentialite\/#breadcrumb","itemListElement":[{"@type":"ListItem","position":1,"name":"Home","item":"https:\/\/bobeauspa.be\/fr\/accueil\/"},{"@type":"ListItem","position":2,"name":"Politique de confidentialit\u00e9"}]},{"@type":"WebSite","@id":"https:\/\/bobeauspa.be\/fr\/#website","url":"https:\/\/bobeauspa.be\/fr\/","name":"Bo Beau Spa","description":"High quality massages in Brussels","publisher":{"@id":"https:\/\/bobeauspa.be\/fr\/#organization"},"potentialAction":[{"@type":"SearchAction","target":{"@type":"EntryPoint","urlTemplate":"https:\/\/bobeauspa.be\/fr\/?s={search_term_string}"},"query-input":{"@type":"PropertyValueSpecification","valueRequired":true,"valueName":"search_term_string"}}],"inLanguage":"fr-FR"},{"@type":"Organization","@id":"https:\/\/bobeauspa.be\/fr\/#organization","name":"Bo Beau Spa","url":"https:\/\/bobeauspa.be\/fr\/","logo":{"@type":"ImageObject","inLanguage":"fr-FR","@id":"https:\/\/bobeauspa.be\/fr\/#\/schema\/logo\/image\/","url":"https:\/\/i0.wp.com\/bobeauspa.be\/wp-content\/uploads\/2022\/06\/logo-bobeauspa.jpg?fit=201%2C41&ssl=1","contentUrl":"https:\/\/i0.wp.com\/bobeauspa.be\/wp-content\/uploads\/2022\/06\/logo-bobeauspa.jpg?fit=201%2C41&ssl=1","width":201,"height":41,"caption":"Bo Beau Spa"},"image":{"@id":"https:\/\/bobeauspa.be\/fr\/#\/schema\/logo\/image\/"}}]}},"jetpack_shortlink":"https:\/\/wp.me\/Pb5xRf-9U","jetpack_sharing_enabled":true,"_links":{"self":[{"href":"https:\/\/bobeauspa.be\/fr\/wp-json\/wp\/v2\/pages\/614","targetHints":{"allow":["GET"]}}],"collection":[{"href":"https:\/\/bobeauspa.be\/fr\/wp-json\/wp\/v2\/pages"}],"about":[{"href":"https:\/\/bobeauspa.be\/fr\/wp-json\/wp\/v2\/types\/page"}],"author":[{"embeddable":true,"href":"https:\/\/bobeauspa.be\/fr\/wp-json\/wp\/v2\/users\/1"}],"replies":[{"embeddable":true,"href":"https:\/\/bobeauspa.be\/fr\/wp-json\/wp\/v2\/comments?post=614"}],"version-history":[{"count":1,"href":"https:\/\/bobeauspa.be\/fr\/wp-json\/wp\/v2\/pages\/614\/revisions"}],"predecessor-version":[{"id":615,"href":"https:\/\/bobeauspa.be\/fr\/wp-json\/wp\/v2\/pages\/614\/revisions\/615"}],"wp:attachment":[{"href":"https:\/\/bobeauspa.be\/fr\/wp-json\/wp\/v2\/media?parent=614"}],"curies":[{"name":"wp","href":"https:\/\/api.w.org\/{rel}","templated":true}]}}